{"id":3337,"date":"2017-01-03T10:01:28","date_gmt":"2017-01-03T09:01:28","guid":{"rendered":"http:\/\/public-worxs.com\/ralf\/?page_id=3337"},"modified":"2021-08-11T16:37:33","modified_gmt":"2021-08-11T14:37:33","slug":"praxis-am-saeumarkt","status":"publish","type":"page","link":"https:\/\/www.ralfbannwarth.de\/index.php\/praxis-am-saeumarkt\/","title":{"rendered":"Praxis am S\u00e4umarkt"},"content":{"rendered":"<div id='layer_slider_1' class='avia-layerslider main_color avia-shadow  avia-builder-el-0  el_before_av_one_fourth  avia-builder-el-first  container_wrap sidebar_right' style='  height: 351px;' >\n<div id=\"rev_slider_7_1_wrapper\" class=\"rev_slider_wrapper fullwidthbanner-container\" data-source=\"gallery\" style=\"margin:0px auto;background-color:transparent;padding:0px;margin-top:0px;margin-bottom:0px;\">\n<!-- START REVOLUTION SLIDER 5.3.1.5 fullwidth mode -->\n\t<div id=\"rev_slider_7_1\" class=\"rev_slider fullwidthabanner\" style=\"display:none;\" data-version=\"5.3.1.5\">\n<ul>\t<!-- SLIDE  -->\n\t<li data-index=\"rs-7\" data-transition=\"fade\" data-slotamount=\"default\" data-hideafterloop=\"0\" data-hideslideonmobile=\"off\"  data-easein=\"default\" data-easeout=\"default\" data-masterspeed=\"300\"  data-rotate=\"0\"  data-saveperformance=\"off\"  data-title=\"Slide\" data-param1=\"\" data-param2=\"\" data-param3=\"\" data-param4=\"\" data-param5=\"\" data-param6=\"\" data-param7=\"\" data-param8=\"\" data-param9=\"\" data-param10=\"\" data-description=\"\">\n\t\t<!-- MAIN IMAGE -->\n\t\t<img src=\"https:\/\/www.ralfbannwarth.de\/wp-content\/uploads\/2017\/02\/Saeumarkt_1170-300.jpg\"  alt=\"\" title=\"Saeumarkt_1170-300\"  width=\"1170\" height=\"300\" data-bgposition=\"center center\" data-bgfit=\"cover\" data-bgrepeat=\"no-repeat\" class=\"rev-slidebg\" data-no-retina>\n\t\t<!-- LAYERS -->\n\t<\/li>\n<\/ul>\n<div class=\"tp-bannertimer tp-bottom\" style=\"visibility: hidden !important;\"><\/div>\t<\/div>\n<script>var htmlDiv = document.getElementById(\"rs-plugin-settings-inline-css\"); var htmlDivCss=\"\";\r\n\t\t\t\tif(htmlDiv) {\r\n\t\t\t\t\thtmlDiv.innerHTML = htmlDiv.innerHTML + htmlDivCss;\r\n\t\t\t\t}else{\r\n\t\t\t\t\tvar htmlDiv = document.createElement(\"div\");\r\n\t\t\t\t\thtmlDiv.innerHTML = \"<style>\" + htmlDivCss + \"<\/style>\";\r\n\t\t\t\t\tdocument.getElementsByTagName(\"head\")[0].appendChild(htmlDiv.childNodes[0]);\r\n\t\t\t\t}\r\n\t\t\t<\/script>\n\t\t<script type=\"text\/javascript\">\r\n\t\t\t\t\t\t\/******************************************\r\n\t\t\t\t-\tPREPARE PLACEHOLDER FOR SLIDER\t-\r\n\t\t\t******************************************\/\r\n\r\n\t\t\tvar setREVStartSize=function(){\r\n\t\t\t\ttry{var e=new Object,i=jQuery(window).width(),t=9999,r=0,n=0,l=0,f=0,s=0,h=0;\r\n\t\t\t\t\te.c = jQuery('#rev_slider_7_1');\r\n\t\t\t\t\te.gridwidth = [1240];\r\n\t\t\t\t\te.gridheight = [350];\r\n\t\t\t\t\t\t\t\r\n\t\t\t\t\te.sliderLayout = \"fullwidth\";\r\n\t\t\t\t\tif(e.responsiveLevels&&(jQuery.each(e.responsiveLevels,function(e,f){f>i&&(t=r=f,l=e),i>f&&f>r&&(r=f,n=e)}),t>r&&(l=n)),f=e.gridheight[l]||e.gridheight[0]||e.gridheight,s=e.gridwidth[l]||e.gridwidth[0]||e.gridwidth,h=i\/s,h=h>1?1:h,f=Math.round(h*f),\"fullscreen\"==e.sliderLayout){var u=(e.c.width(),jQuery(window).height());if(void 0!=e.fullScreenOffsetContainer){var c=e.fullScreenOffsetContainer.split(\",\");if (c) jQuery.each(c,function(e,i){u=jQuery(i).length>0?u-jQuery(i).outerHeight(!0):u}),e.fullScreenOffset.split(\"%\").length>1&&void 0!=e.fullScreenOffset&&e.fullScreenOffset.length>0?u-=jQuery(window).height()*parseInt(e.fullScreenOffset,0)\/100:void 0!=e.fullScreenOffset&&e.fullScreenOffset.length>0&&(u-=parseInt(e.fullScreenOffset,0))}f=u}else void 0!=e.minHeight&&f<e.minHeight&&(f=e.minHeight);e.c.closest(\".rev_slider_wrapper\").css({height:f})\r\n\t\t\t\t\t\r\n\t\t\t\t}catch(d){console.log(\"Failure at Presize of Slider:\"+d)}\r\n\t\t\t};\r\n\t\t\t\r\n\t\t\tsetREVStartSize();\r\n\t\t\t\r\n\t\t\t\t\t\tvar tpj=jQuery;\r\n\t\t\t\r\n\t\t\tvar revapi7;\r\n\t\t\ttpj(document).ready(function() {\n\t\t\t\tif(tpj(\"#rev_slider_7_1\").revolution == undefined){\n\t\t\t\t\trevslider_showDoubleJqueryError(\"#rev_slider_7_1\");\n\t\t\t\t}else{\n\t\t\t\t\trevapi7 = tpj(\"#rev_slider_7_1\").show().revolution({\n\t\t\t\t\t\tsliderType:\"standard\",\njsFileLocation:\"\/\/www.ralfbannwarth.de\/wp-content\/plugins\/revslider\/public\/assets\/js\/\",\n\t\t\t\t\t\tsliderLayout:\"fullwidth\",\n\t\t\t\t\t\tdottedOverlay:\"none\",\n\t\t\t\t\t\tdelay:9000,\n\t\t\t\t\t\tnavigation: {\n\t\t\t\t\t\t\tonHoverStop:\"off\",\n\t\t\t\t\t\t},\n\t\t\t\t\t\tvisibilityLevels:[1240,1024,778,480],\n\t\t\t\t\t\tgridwidth:1240,\n\t\t\t\t\t\tgridheight:350,\n\t\t\t\t\t\tlazyType:\"none\",\n\t\t\t\t\t\tshadow:0,\n\t\t\t\t\t\tspinner:\"spinner0\",\n\t\t\t\t\t\tstopLoop:\"off\",\n\t\t\t\t\t\tstopAfterLoops:-1,\n\t\t\t\t\t\tstopAtSlide:-1,\n\t\t\t\t\t\tshuffle:\"off\",\n\t\t\t\t\t\tautoHeight:\"off\",\n\t\t\t\t\t\tdisableProgressBar:\"on\",\n\t\t\t\t\t\thideThumbsOnMobile:\"off\",\n\t\t\t\t\t\thideSliderAtLimit:0,\n\t\t\t\t\t\thideCaptionAtLimit:0,\n\t\t\t\t\t\thideAllCaptionAtLilmit:0,\n\t\t\t\t\t\tdebugMode:false,\n\t\t\t\t\t\tfallbacks: {\n\t\t\t\t\t\t\tsimplifyAll:\"off\",\n\t\t\t\t\t\t\tnextSlideOnWindowFocus:\"off\",\n\t\t\t\t\t\t\tdisableFocusListener:false,\n\t\t\t\t\t\t}\n\t\t\t\t\t});\n\t\t\t\t}\n\t\t\t});\t\/*ready*\/\n\t\t<\/script>\r\n\t\t<\/div><!-- END REVOLUTION SLIDER --><\/div><div id='after_layer_slider_1' class='main_color av_default_container_wrap container_wrap sidebar_right' style=' '  ><div class='container' ><div class='template-page content  av-content-small alpha units'><div class='post-entry post-entry-type-page post-entry-3337'><div class='entry-content-wrapper clearfix'>\n<div class=\"flex_column av_one_fourth  flex_column_div av-zero-column-padding first  avia-builder-el-1  el_after_av_revolutionslider  el_before_av_one_fourth  avia-builder-el-first  \" style='margin-top:0px; margin-bottom:0px; border-radius:0px; '><p><article class=\"iconbox iconbox_top main_color    avia-builder-el-2  el_before_av_button  avia-builder-el-first  \"  itemscope=\"itemscope\" itemtype=\"https:\/\/schema.org\/CreativeWork\" ><div class=\"iconbox_content\"><header class=\"entry-content-header\"><div class=\"iconbox_icon heading-color \" aria-hidden='true' data-av_icon='\ue858' data-av_iconfont='entypo-fontello'  style='background-color:#cb8a38; ' ><\/div><h3 class='iconbox_content_title  '  itemprop=\"headline\"  >Osteopathie<\/h3><\/header><div class='iconbox_content_container  '  itemprop=\"text\"  ><p>Ganzheitliches Untersuchungs- und Therapie-Konzept das der Erkennung und Behandlung von Funktionst\u00f6rungen am menschlichen K\u00f6rper dient.<\/p>\n<p><strong>Dabei sieht der Osteopath den gesamten Menschen als ein &#8222;System&#8220;, in dem alle Strukturen und Gewebe zusammenh\u00e4ngen.<\/strong><\/p>\n<p>Darum sollten in einer Behandlung stets alle manifestierten Grunds\u00e4ulen der Osteopathie beherrscht und ber\u00fccksichtigt werden. Die viszerale Osteopathie, die parietale Osteopathie und die craniosacrale Osteopathie.<\/p>\n<\/div><\/div><footer class=\"entry-footer\"><\/footer><\/article><br \/>\n<div class='avia-button-wrap avia-button-center  avia-builder-el-3  el_after_av_icon_box  el_before_av_hr '><a href='https:\/\/www.ralfbannwarth.de\/index.php\/pages\/osteopathie\/'  class='avia-button   avia-icon_select-no avia-color-custom avia-size-small avia-position-center '  style='background-color:#cb8a38; border-color:#cb8a38; color:#ffffff; ' ><span class='avia_iconbox_title' >Mehr erfahren<\/span><\/a><\/div><br \/>\n<div style='height:50px' class='hr hr-invisible   avia-builder-el-4  el_after_av_button  avia-builder-el-last '><span class='hr-inner ' ><span class='hr-inner-style'><\/span><\/span><\/div><\/p><\/div>\n<div class=\"flex_column av_one_fourth  flex_column_div av-zero-column-padding   avia-builder-el-5  el_after_av_one_fourth  el_before_av_one_fourth  \" style='margin-top:0px; margin-bottom:0px; border-radius:0px; '><p><article class=\"iconbox iconbox_top main_color    avia-builder-el-6  el_before_av_button  avia-builder-el-first   \"  itemscope=\"itemscope\" itemtype=\"https:\/\/schema.org\/CreativeWork\" ><div class=\"iconbox_content\"><header class=\"entry-content-header\"><div class=\"iconbox_icon heading-color \" aria-hidden='true' data-av_icon='\ue83f' data-av_iconfont='entypo-fontello'  style='background-color:#cb8a38; ' ><\/div><h3 class='iconbox_content_title  '  itemprop=\"headline\"  >Chiropraktik<\/h3><\/header><div class='iconbox_content_container  '  itemprop=\"text\"  ><p>Die\u00a0<b>Chiropraktik<\/b> (Namensgebung aus dem altgriechischen von \u201eHand\u201c und \u201eT\u00e4tigkeit\u201c) ist eine alternativmedizinische Behandlungsmethode mit dem Ziel, Funktionsst\u00f6rungen an den der Bewegung und St\u00fctzung des menschlichen K\u00f6rpers dienenden K\u00f6rperteilen, besonders der Wirbels\u00e4ule, zu finden und durch einfache Handgriffe zu beseitigen.<\/p>\n<\/div><\/div><footer class=\"entry-footer\"><\/footer><\/article><br \/>\n<div class='avia-button-wrap avia-button-center  avia-builder-el-7  el_after_av_icon_box  el_before_av_hr '><a href='https:\/\/www.ralfbannwarth.de\/index.php\/pages\/physiotherapie\/'  class='avia-button   avia-icon_select-no avia-color-custom avia-size-small avia-position-center '  style='background-color:#cb8a38; border-color:#cb8a38; color:#ffffff; ' ><span class='avia_iconbox_title' >Mehr erfahren<\/span><\/a><\/div><br \/>\n<div style='height:50px' class='hr hr-invisible   avia-builder-el-8  el_after_av_button  avia-builder-el-last '><span class='hr-inner ' ><span class='hr-inner-style'><\/span><\/span><\/div><\/p><\/div><div class=\"flex_column av_one_fourth  flex_column_div av-zero-column-padding   avia-builder-el-9  el_after_av_one_fourth  el_before_av_one_fourth  \" style='margin-top:0px; margin-bottom:0px; border-radius:0px; '><p><article class=\"iconbox iconbox_top main_color    avia-builder-el-10  el_before_av_button  avia-builder-el-first   \"  itemscope=\"itemscope\" itemtype=\"https:\/\/schema.org\/CreativeWork\" ><div class=\"iconbox_content\"><header class=\"entry-content-header\"><div class=\"iconbox_icon heading-color \" aria-hidden='true' data-av_icon='\ue912' data-av_iconfont='entypo-fontello'  style='background-color:#cb8a38; ' ><\/div><h3 class='iconbox_content_title  '  itemprop=\"headline\"  >QMT<\/h3><\/header><div class='iconbox_content_container  '  itemprop=\"text\"  ><p>Das &#8222;Quadrupedal Movement Training&#8220; ist im Bereich des Bodyweight Trainings angesiedelt.<\/p>\n<p>Eine der bekanntesten Formen von QMT ist<\/p>\n<p><strong>ANIMAL FLOW \u00ae<\/strong><\/p>\n<p><strong>Nat\u00fcrliche, dem Tierreich entlockte und dem menschlichen K\u00f6rper perfekt angepasste Bewegungsmuster werden sinnvoll in ein System gegliedert, kontrolliert ge\u00fcbt und am Ende in einen Bewegungsflu\u00df, den &#8222;Flow&#8220;, gebracht.<\/strong><\/p>\n<p>Das Training ist f\u00fcr jeden geeignet. Den Anf\u00e4nger wie den Sportler. Zur Haltungsschulung, K\u00f6rpertransformation oder zur Verbesserung von koordinativen und kognitiven F\u00e4higkeiten.<\/p>\n<\/div><\/div><footer class=\"entry-footer\"><\/footer><\/article><br \/>\n<div class='avia-button-wrap avia-button-center  avia-builder-el-11  el_after_av_icon_box  el_before_av_hr  '><a href='https:\/\/www.ralfbannwarth.de\/index.php\/pages\/qmt\/'  class='avia-button   avia-icon_select-no avia-color-custom avia-size-small avia-position-center '  style='background-color:#cb8a38; border-color:#cb8a38; color:#ffffff; ' ><span class='avia_iconbox_title' >Mehr erfahren<\/span><\/a><\/div><br \/>\n<div style='height:50px' class='hr hr-invisible   avia-builder-el-12  el_after_av_button  avia-builder-el-last '><span class='hr-inner ' ><span class='hr-inner-style'><\/span><\/span><\/div><\/p><\/div><\/p>\n<div class=\"flex_column av_one_fourth  flex_column_div av-zero-column-padding   avia-builder-el-13  el_after_av_one_fourth  el_before_av_textblock  \" style='margin-top:0px; margin-bottom:0px; border-radius:0px; '><p><article class=\"iconbox iconbox_top main_color    avia-builder-el-14  el_before_av_button  avia-builder-el-first  \"  itemscope=\"itemscope\" itemtype=\"https:\/\/schema.org\/CreativeWork\" ><div class=\"iconbox_content\"><header class=\"entry-content-header\"><div class=\"iconbox_icon heading-color \" aria-hidden='true' data-av_icon='\ue8b1' data-av_iconfont='entypo-fontello'  style='background-color:#cb8a38; ' ><\/div><h3 class='iconbox_content_title  '  itemprop=\"headline\"  >Naturheilkunde<\/h3><\/header><div class='iconbox_content_container  '  itemprop=\"text\"  ><p>Neben der osteopathischen Behandlung, die der Komplement\u00e4rmedizin zuzuordnen ist, kann ich weitere Therapieans\u00e4tze aus dem heilkundlichen Bereich als Add-Ons anbieten.<\/p>\n<p><strong>Modifizierte Dorntherapie<\/strong><br \/>\n<strong> Akupunktur &#038;\u00a0Dry Needling<\/strong><br \/>\n<strong> Segmenttherapie<\/strong><br \/>\n<strong> Orthomolekular Therapie<\/strong><br \/>\n<strong> Ern\u00e4hrungsberatung<\/strong><\/p>\n<p>Diese Ans\u00e4tze betrachte ich stets als m\u00f6gliche Erg\u00e4nzung zur osteopathischen T\u00e4tigkeit, nicht als von mir ausge\u00fcbte Eigenst\u00e4ndige Behandlung.<\/p>\n<\/div><\/div><footer class=\"entry-footer\"><\/footer><\/article><br \/>\n<div class='avia-button-wrap avia-button-center  avia-builder-el-15  el_after_av_icon_box  el_before_av_hr '><a href='https:\/\/www.ralfbannwarth.de\/index.php\/pages\/heilpraktiker\/'  class='avia-button   avia-icon_select-no avia-color-custom avia-size-small avia-position-center '  style='background-color:#cb8a38; border-color:#cb8a38; color:#ffffff; ' ><span class='avia_iconbox_title' >Mehr erfahren<\/span><\/a><\/div><br \/>\n<div style='height:50px' class='hr hr-invisible   avia-builder-el-16  el_after_av_button  avia-builder-el-last '><span class='hr-inner ' ><span class='hr-inner-style'><\/span><\/span><\/div><\/p><\/div>\n<section class=\"av_textblock_section \"  itemscope=\"itemscope\" itemtype=\"https:\/\/schema.org\/CreativeWork\" ><div class='avia_textblock  '   itemprop=\"text\" ><h5 style=\"text-align: center;\"><strong>Die Trennung der Disziplinen ist sehr theoretisch gefasst.<br \/>\n<\/strong><strong>Praktisch flie\u00dfen alle erworbenen Kenntnisse in die Behandlungen ein und werden ad\u00e4quat der Zielsetzung umgesetzt.<\/strong><\/h5>\n<\/div><\/section>\n<div style='height:80px' class='hr hr-invisible   avia-builder-el-18  el_after_av_textblock  el_before_av_one_half '><span class='hr-inner ' ><span class='hr-inner-style'><\/span><\/span><\/div>\n<div class=\"flex_column av_one_half  flex_column_div first  avia-builder-el-19  el_after_av_hr  el_before_av_one_half  \" style='padding:25px; border-radius:8px; '><p><div style='padding-bottom:10px; ' class='av-special-heading av-special-heading-h3    avia-builder-el-20  el_before_av_textblock  avia-builder-el-first   '><h3 class='av-special-heading-tag '  itemprop=\"headline\"  >Kosten\u00fcbernahme<\/h3><div class='special-heading-border'><div class='special-heading-inner-border' ><\/div><\/div><\/div><br \/>\n<section class=\"av_textblock_section \"  itemscope=\"itemscope\" itemtype=\"https:\/\/schema.org\/CreativeWork\" ><div class='avia_textblock  '   itemprop=\"text\" ><p>Je nach Versicherungsstatus sind verschiedene Modalit\u00e4ten der Kosten\u00fcbernahme m\u00f6glich. Ob mit Privatvollversicherung, Beihilfe, gesetzlicher Kasse oder als Selbstzahler. Durch die umfassenden Aus- und Fortbildungen stehen eine Reihe von M\u00f6glichkeiten zur Verf\u00fcgung und wir finden den f\u00fcr Sie g\u00fcnstigsten Weg.<\/p>\n<\/div><\/section><br \/>\n<div class='avia-button-wrap avia-button-center  avia-builder-el-22  el_after_av_textblock  el_before_av_hr '><a href='https:\/\/www.ralfbannwarth.de\/index.php\/pages\/kostenuebernahme\/'  class='avia-button   avia-icon_select-no avia-color-custom avia-size-small avia-position-center '  style='background-color:#cb8a38; border-color:#cb8a38; color:#ffffff; ' ><span class='avia_iconbox_title' >Mehr erfahren<\/span><\/a><\/div><br \/>\n<div style='height:50px' class='hr hr-invisible   avia-builder-el-23  el_after_av_button  avia-builder-el-last '><span class='hr-inner ' ><span class='hr-inner-style'><\/span><\/span><\/div><\/p><\/div>\n<div class=\"flex_column av_one_half  flex_column_div   avia-builder-el-24  el_after_av_one_half  avia-builder-el-last  \" style='padding:25px; border-radius:0px; '><p><div style='padding-bottom:10px; ' class='av-special-heading av-special-heading-h3    avia-builder-el-25  el_before_av_textblock  avia-builder-el-first   '><h3 class='av-special-heading-tag '  itemprop=\"headline\"  >Anfahrt<\/h3><div class='special-heading-border'><div class='special-heading-inner-border' ><\/div><\/div><\/div><br \/>\n<section class=\"av_textblock_section \"  itemscope=\"itemscope\" itemtype=\"https:\/\/schema.org\/CreativeWork\" ><div class='avia_textblock  '   itemprop=\"text\" ><p>Im Herzen Halls gelegen, ist die Praxis am S\u00e4umarkt 11 sehr zentral und von allen Seiten der Stadt gut erreichbar. Von den Innenstadt Parkh\u00e4usern sind es nur ca. 5 Minuten Fu\u00dfweg.<\/p>\n<\/div><\/section><br \/>\n<div class='avia-button-wrap avia-button-center  avia-builder-el-27  el_after_av_textblock  el_before_av_hr '><a href='https:\/\/www.ralfbannwarth.de\/index.php\/pages\/kontakt\/'  class='avia-button   avia-icon_select-no avia-color-custom avia-size-small avia-position-center '  style='background-color:#cb8a38; border-color:#cb8a38; color:#ffffff; ' ><span class='avia_iconbox_title' >Mehr erfahren<\/span><\/a><\/div><br \/>\n<div style='height:50px' class='hr hr-invisible   avia-builder-el-28  el_after_av_button  avia-builder-el-last '><span class='hr-inner ' ><span class='hr-inner-style'><\/span><\/span><\/div><\/p><\/div>\n","protected":false},"excerpt":{"rendered":"<p>This is a Page excerpt. It will be displayed for search results<\/p>\n","protected":false},"author":2,"featured_media":0,"parent":0,"menu_order":0,"comment_status":"open","ping_status":"open","template":"","meta":[],"yoast_head":"<!-- This site is optimized with the Yoast SEO plugin v17.7.1 - https:\/\/yoast.com\/wordpress\/plugins\/seo\/ -->\n<title>Praxis am S\u00e4umarkt - Ralf Bannwarth | Osteopathie - Physiotherapie - Tour- &amp; Eventbetreuung<\/title>\n<meta name=\"robots\" content=\"index, follow, max-snippet:-1, max-image-preview:large, max-video-preview:-1\" \/>\n<link rel=\"canonical\" href=\"https:\/\/www.ralfbannwarth.de\/index.php\/praxis-am-saeumarkt\/\" \/>\n<meta property=\"og:locale\" content=\"de_DE\" \/>\n<meta property=\"og:type\" content=\"article\" \/>\n<meta property=\"og:title\" content=\"Praxis am S\u00e4umarkt - Ralf Bannwarth | Osteopathie - Physiotherapie - Tour- &amp; Eventbetreuung\" \/>\n<meta property=\"og:description\" content=\"This is a Page excerpt. It will be displayed for search results\" \/>\n<meta property=\"og:url\" content=\"https:\/\/www.ralfbannwarth.de\/index.php\/praxis-am-saeumarkt\/\" \/>\n<meta property=\"og:site_name\" content=\"Ralf Bannwarth | Osteopathie - Physiotherapie - Tour- &amp; Eventbetreuung\" \/>\n<meta property=\"article:modified_time\" content=\"2021-08-11T14:37:33+00:00\" \/>\n<meta name=\"twitter:card\" content=\"summary_large_image\" \/>\n<meta name=\"twitter:label1\" content=\"Gesch\u00e4tzte Lesezeit\" \/>\n\t<meta name=\"twitter:data1\" content=\"4\u00a0Minuten\" \/>\n<script type=\"application\/ld+json\" class=\"yoast-schema-graph\">{\"@context\":\"https:\/\/schema.org\",\"@graph\":[{\"@type\":\"WebSite\",\"@id\":\"https:\/\/www.ralfbannwarth.de\/#website\",\"url\":\"https:\/\/www.ralfbannwarth.de\/\",\"name\":\"Ralf Bannwarth | Osteopathie - Physiotherapie - Tour- &amp; Eventbetreuung\",\"description\":\"Ihr Osteopath, Physiotherapeut, Tour- &amp; Eventbetreuer in Schw\\u00e4bisch Hall\",\"potentialAction\":[{\"@type\":\"SearchAction\",\"target\":{\"@type\":\"EntryPoint\",\"urlTemplate\":\"https:\/\/www.ralfbannwarth.de\/?s={search_term_string}\"},\"query-input\":\"required name=search_term_string\"}],\"inLanguage\":\"de\"},{\"@type\":\"WebPage\",\"@id\":\"https:\/\/www.ralfbannwarth.de\/index.php\/praxis-am-saeumarkt\/#webpage\",\"url\":\"https:\/\/www.ralfbannwarth.de\/index.php\/praxis-am-saeumarkt\/\",\"name\":\"Praxis am S\\u00e4umarkt - Ralf Bannwarth | Osteopathie - Physiotherapie - Tour- &amp; Eventbetreuung\",\"isPartOf\":{\"@id\":\"https:\/\/www.ralfbannwarth.de\/#website\"},\"datePublished\":\"2017-01-03T09:01:28+00:00\",\"dateModified\":\"2021-08-11T14:37:33+00:00\",\"breadcrumb\":{\"@id\":\"https:\/\/www.ralfbannwarth.de\/index.php\/praxis-am-saeumarkt\/#breadcrumb\"},\"inLanguage\":\"de\",\"potentialAction\":[{\"@type\":\"ReadAction\",\"target\":[\"https:\/\/www.ralfbannwarth.de\/index.php\/praxis-am-saeumarkt\/\"]}]},{\"@type\":\"BreadcrumbList\",\"@id\":\"https:\/\/www.ralfbannwarth.de\/index.php\/praxis-am-saeumarkt\/#breadcrumb\",\"itemListElement\":[{\"@type\":\"ListItem\",\"position\":1,\"name\":\"Home\",\"item\":\"https:\/\/www.ralfbannwarth.de\/\"},{\"@type\":\"ListItem\",\"position\":2,\"name\":\"Praxis am S\\u00e4umarkt\"}]}]}<\/script>\n<!-- \/ Yoast SEO plugin. -->","yoast_head_json":{"title":"Praxis am S\u00e4umarkt - Ralf Bannwarth | Osteopathie - Physiotherapie - Tour- &amp; Eventbetreuung","robots":{"index":"index","follow":"follow","max-snippet":"max-snippet:-1","max-image-preview":"max-image-preview:large","max-video-preview":"max-video-preview:-1"},"canonical":"https:\/\/www.ralfbannwarth.de\/index.php\/praxis-am-saeumarkt\/","og_locale":"de_DE","og_type":"article","og_title":"Praxis am S\u00e4umarkt - Ralf Bannwarth | Osteopathie - Physiotherapie - Tour- &amp; Eventbetreuung","og_description":"This is a Page excerpt. It will be displayed for search results","og_url":"https:\/\/www.ralfbannwarth.de\/index.php\/praxis-am-saeumarkt\/","og_site_name":"Ralf Bannwarth | Osteopathie - Physiotherapie - Tour- &amp; Eventbetreuung","article_modified_time":"2021-08-11T14:37:33+00:00","twitter_card":"summary_large_image","twitter_misc":{"Gesch\u00e4tzte Lesezeit":"4\u00a0Minuten"},"schema":{"@context":"https:\/\/schema.org","@graph":[{"@type":"WebSite","@id":"https:\/\/www.ralfbannwarth.de\/#website","url":"https:\/\/www.ralfbannwarth.de\/","name":"Ralf Bannwarth | Osteopathie - Physiotherapie - Tour- &amp; Eventbetreuung","description":"Ihr Osteopath, Physiotherapeut, Tour- &amp; Eventbetreuer in Schw\u00e4bisch Hall","potentialAction":[{"@type":"SearchAction","target":{"@type":"EntryPoint","urlTemplate":"https:\/\/www.ralfbannwarth.de\/?s={search_term_string}"},"query-input":"required name=search_term_string"}],"inLanguage":"de"},{"@type":"WebPage","@id":"https:\/\/www.ralfbannwarth.de\/index.php\/praxis-am-saeumarkt\/#webpage","url":"https:\/\/www.ralfbannwarth.de\/index.php\/praxis-am-saeumarkt\/","name":"Praxis am S\u00e4umarkt - Ralf Bannwarth | Osteopathie - Physiotherapie - Tour- &amp; Eventbetreuung","isPartOf":{"@id":"https:\/\/www.ralfbannwarth.de\/#website"},"datePublished":"2017-01-03T09:01:28+00:00","dateModified":"2021-08-11T14:37:33+00:00","breadcrumb":{"@id":"https:\/\/www.ralfbannwarth.de\/index.php\/praxis-am-saeumarkt\/#breadcrumb"},"inLanguage":"de","potentialAction":[{"@type":"ReadAction","target":["https:\/\/www.ralfbannwarth.de\/index.php\/praxis-am-saeumarkt\/"]}]},{"@type":"BreadcrumbList","@id":"https:\/\/www.ralfbannwarth.de\/index.php\/praxis-am-saeumarkt\/#breadcrumb","itemListElement":[{"@type":"ListItem","position":1,"name":"Home","item":"https:\/\/www.ralfbannwarth.de\/"},{"@type":"ListItem","position":2,"name":"Praxis am S\u00e4umarkt"}]}]}},"_links":{"self":[{"href":"https:\/\/www.ralfbannwarth.de\/index.php\/wp-json\/wp\/v2\/pages\/3337"}],"collection":[{"href":"https:\/\/www.ralfbannwarth.de\/index.php\/wp-json\/wp\/v2\/pages"}],"about":[{"href":"https:\/\/www.ralfbannwarth.de\/index.php\/wp-json\/wp\/v2\/types\/page"}],"author":[{"embeddable":true,"href":"https:\/\/www.ralfbannwarth.de\/index.php\/wp-json\/wp\/v2\/users\/2"}],"replies":[{"embeddable":true,"href":"https:\/\/www.ralfbannwarth.de\/index.php\/wp-json\/wp\/v2\/comments?post=3337"}],"version-history":[{"count":69,"href":"https:\/\/www.ralfbannwarth.de\/index.php\/wp-json\/wp\/v2\/pages\/3337\/revisions"}],"predecessor-version":[{"id":5877,"href":"https:\/\/www.ralfbannwarth.de\/index.php\/wp-json\/wp\/v2\/pages\/3337\/revisions\/5877"}],"wp:attachment":[{"href":"https:\/\/www.ralfbannwarth.de\/index.php\/wp-json\/wp\/v2\/media?parent=3337"}],"curies":[{"name":"wp","href":"https:\/\/api.w.org\/{rel}","templated":true}]}}